{"id":411,"date":"2023-10-10T21:11:21","date_gmt":"2023-10-11T00:11:21","guid":{"rendered":"https:\/\/fletesusa.com\/?page_id=411"},"modified":"2024-08-20T14:01:43","modified_gmt":"2024-08-20T17:01:43","slug":"terminos-y-condiciones","status":"publish","type":"page","link":"https:\/\/fletesusa.com\/es\/terminos-y-condiciones\/","title":{"rendered":"T\u00e9rminos y condiciones"},"content":{"rendered":"\n\t<section class=\"section\" id=\"section_504712261\">\n\t\t<div class=\"bg section-bg fill bg-fill  bg-loaded\" >\n\n\t\t\t\n\t\t\t\n\t\t\t\n\n\t\t<\/div>\n\n\t\t\n\n\t\t<div class=\"section-content relative\">\n\t\t\t\n\n<div class=\"row\"  id=\"row-363292935\">\n\n\n\t<div id=\"col-1324153545\" class=\"col small-12 large-12\"  >\n\t\t\t\t<div class=\"col-inner\"  >\n\t\t\t\n\t\t\t\n\n<div class=\"container section-title-container\" style=\"margin-bottom:10px;\"><h2 class=\"section-title section-title-normal\"><b><\/b><span class=\"section-title-main\" style=\"font-size:87%;\">TERMINOS Y CONDICIONES FLETES USA<\/span><b><\/b><\/h2><\/div>\n\n<div class=\"container section-title-container\" style=\"margin-bottom:10px;\"><h4 class=\"section-title section-title-normal\"><b><\/b><span class=\"section-title-main\" >Precisi\u00f3n, integridad y puntualidad de la informaci\u00f3n<\/span><b><\/b><\/h4><\/div>\n\n<p>No nos hacemos responsables si la informaci\u00f3n disponible en este sitio web no es exacta, completa o actual. El material contenido en este sitio web se ofrece \u00fanicamente a t\u00edtulo informativo y no debe utilizarse como \u00fanica base para tomar decisiones sin consultar fuentes de informaci\u00f3n primarias, m\u00e1s precisas, m\u00e1s completas o m\u00e1s actualizadas. La confianza depositada en el material de este sitio web corre por cuenta y riesgo del usuario. Este sitio web puede contener cierta informaci\u00f3n hist\u00f3rica. La informaci\u00f3n hist\u00f3rica, necesariamente, no es actual y se proporciona s\u00f3lo para su referencia. Ocasionalmente puede haber informaci\u00f3n en nuestro Sitio Web que contenga errores tipogr\u00e1ficos, inexactitudes u omisiones que puedan estar relacionadas con nuestros servicios, marca o empresa en general. Nos reservamos el derecho a corregir cualquier error, inexactitud u omisi\u00f3n, y a modificar o actualizar la informaci\u00f3n del Sitio Web en cualquier momento y sin previo aviso. No asumimos ninguna obligaci\u00f3n de actualizar, modificar o aclarar la informaci\u00f3n contenida en el Sitio Web, salvo en la medida en que lo exija la ley. Nos reservamos el derecho a modificar el contenido de este Sitio Web en cualquier momento, pero no tenemos obligaci\u00f3n de actualizar ninguna informaci\u00f3n de nuestro Sitio Web. Usted acepta que es su responsabilidad supervisar los cambios en nuestro Sitio Web. Ninguna fecha espec\u00edfica de actualizaci\u00f3n o puesta al d\u00eda aplicada en el Sitio Web debe considerarse indicativa de que toda la informaci\u00f3n del Sitio Web ha sido modificada o actualizada.<\/p>\n\t<div id=\"gap-2029810852\" class=\"gap-element clearfix\" style=\"display:block; height:auto;\">\n\t\t\n<style>\n#gap-2029810852 {\n  padding-top: 20px;\n}\n<\/style>\n\t<\/div>\n\t\n\n<div class=\"container section-title-container\" style=\"margin-bottom:10px;\"><h4 class=\"section-title section-title-normal\"><b><\/b><span class=\"section-title-main\" >Derechos de la propiedad intelectual<\/span><b><\/b><\/h4><\/div>\n\n<p>Salvo que se disponga expresamente lo contrario en estas Condiciones de Uso, tenemos y mantendremos el control exclusivo sobre el funcionamiento, la prestaci\u00f3n, el mantenimiento y la gesti\u00f3n del Sitio Web. Todo el material en este Sitio Web, incluyendo, sin limitaci\u00f3n, texto, im\u00e1genes, ilustraciones y apariencia, est\u00e1 protegido por derechos de autor y \/ o marcas comerciales, registradas y no registradas, que son propiedad y est\u00e1n controladas por Fletes USA LLC o por otras partes que han licenciado su material a nosotros. Este Sitio Web puede contener otros avisos de propiedad, marca registrada y\/o informaci\u00f3n de derechos de autor, cuyos t\u00e9rminos deben ser observados y seguidos. La informaci\u00f3n contenida en el Sitio Web puede ser modificada o actualizada sin previo aviso. Tambi\u00e9n podemos introducir mejoras y\/o cambios en los productos y\/o programas descritos en esta informaci\u00f3n en cualquier momento y sin previo aviso. Adem\u00e1s, el Sitio Web puede incluir contenidos y funciones (&#8220;Contenido del Servicio&#8221;) protegidos por derechos de autor, patentes, marcas comerciales, secretos comerciales u otros derechos y leyes de propiedad. Salvo autorizaci\u00f3n expresa por nuestra parte, usted se compromete a no modificar, copiar, enmarcar, raspar, alquilar, arrendar, prestar, vender, distribuir o crear trabajos derivados basados en el Sitio Web o en el Contenido de los Servicios, en todo o en parte. En relaci\u00f3n con su uso del Sitio Web, no realizar\u00e1 ni utilizar\u00e1 ning\u00fan tipo de miner\u00eda de datos, robots, raspado o m\u00e9todos similares de recopilaci\u00f3n o extracci\u00f3n de datos. Si le bloqueamos el acceso al Sitio Web (incluido el bloqueo de su direcci\u00f3n IP), usted se compromete a no aplicar ninguna medida eludir dicho bloqueo (por ejemplo, enmascarando su direcci\u00f3n IP o utilizando una direcci\u00f3n IP proxy). Queda estrictamente prohibido cualquier uso del Sitio Web o del Contenido del Servicio distinto del espec\u00edficamente autorizado en el presente documento. La tecnolog\u00eda y el software subyacentes al Sitio Web o distribuidos en relaci\u00f3n con el mismo son de nuestra propiedad (el &#8220;Software&#8221;). Usted se compromete a no copiar, modificar, crear un trabajo derivado, realizar ingenier\u00eda inversa, ensamblar de forma inversa o intentar descubrir cualquier c\u00f3digo fuente, vender, ceder, sublicenciar o transferir de cualquier otra forma cualquier derecho sobre el Software. Nos reservamos todos los derechos no concedidos expresamente en el presente documento.<\/p>\n\t<div id=\"gap-1118887237\" class=\"gap-element clearfix\" style=\"display:block; height:auto;\">\n\t\t\n<style>\n#gap-1118887237 {\n  padding-top: 20px;\n}\n<\/style>\n\t<\/div>\n\t\n\n<div class=\"container section-title-container\" style=\"margin-bottom:10px;\"><h4 class=\"section-title section-title-normal\"><b><\/b><span class=\"section-title-main\" >Sin garant\u00edas ni responsabilidades<\/span><b><\/b><\/h4><\/div>\n\n<p>Fletes USA LLC no hace representaciones y \/ o endosos sobre ni acepta ninguna responsabilidad u obligaci\u00f3n alguna por cualquier otro sitio web al que pueda acceder a trav\u00e9s de este Sitio Web, ya que dichos sitios son independientes de Fletes USA LLC y Fletes USA LLC no tiene control sobre el contenido de dichos sitios web. El incumplimiento o retraso por parte de Fletes USA LLC en el ejercicio de cualquier derecho relacionado con el Sitio Web o estas Condiciones de Uso no operar\u00e1 como una renuncia a tal derecho, ni el ejercicio parcial de cualquier derecho por parte de Fletes USA LLC impedir\u00e1 el ejercicio posterior de ese derecho por parte de Fletes USA LLC. Estas Condiciones de Uso no crean, en modo alguno, una relaci\u00f3n de agencia, empresa conjunta, asociaci\u00f3n, empleado-empleador o franquiciador-franquiciado entre Fletes USA LLC  y cualquier otra parte, incluido usted. FLETES USA LLC NO GARANTIZA QUE: (a) SU CONTENIDO ESTAR\u00c1 PROTEGIDO CONTRA LA P\u00c9RDIDA, MAL USO O ALTERACI\u00d3N POR TERCEROS; (b) LA P\u00c1GINA WEB EST\u00c9 LIBRE DE ERRORES; (c) EL ACCESO A SU CUENTA NO SE INTERRUMPA; (d) LOS PROCEDIMIENTOS Y PROCESOS DE SEGURIDAD DE FLETES USA LLC NO PUEDAN SER VIOLADOS; O (e) QUE LA P\u00c1GINA WEB EST\u00c9 DISPONIBLE. EL SITIO WEB Y TODO SU CONTENIDO SE PROPORCIONAN &#8220;TAL CUAL&#8221; Y &#8220;SEG\u00daN DISPONIBILIDAD&#8221;, SIN GARANT\u00cdAS DE NING\u00daN TIPO, YA SEAN EXPRESAS O IMPL\u00cdCITAS, INCLUIDAS, ENTRE OTRAS, LAS GARANT\u00cdAS IMPL\u00cdCITAS DE COMERCIABILIDAD E IDONEIDAD PARA UN FIN DETERMINADO. ESTAS EXENCIONES DE RESPONSABILIDAD SE APLICAR\u00c1N EN LA MAYOR MEDIDA PERMITIDA POR LA LEY. <\/p>\n<p>FLETES USA LLC NO SER\u00c1 RESPONSABLE, BAJO NINGUNA CIRCUNSTANCIA, DE NING\u00daN DA\u00d1O DIRECTO, INDIRECTO, INCIDENTAL, PUNITIVO, ESPECIAL Y\/O CONSECUENTE (INCLUYENDO, SIN LIMITACI\u00d3N, P\u00c9RDIDA DE BENEFICIOS, P\u00c9RDIDA DE DATOS Y\/O COSTES DE OBTENCI\u00d3N DE SOFTWARE O SERVICIOS SUSTITUTIVOS), CUALQUIERA QUE SEA SU ORIGEN, INCLUSO SI FLETES USA LLC ES CONSCIENTE DE LA POSIBILIDAD DE TALES DA\u00d1OS. FLETES USA LLC NO SER\u00c1 RESPONSABLE ANTE USTED DE NINGUNA RECLAMACI\u00d3N DE TERCEROS CONTRA USTED. SI FLETES USA LLC RESULTA RESPONSABLE DE CUALQUIER RECLAMACI\u00d3N RELACIONADA CON EL SITIO WEB O CON LAS PRESENTES CONDICIONES DE USO, O DERIVADA DE CUALQUIER MODO DE LOS MISMOS, LOS DA\u00d1OS COLECTIVOS POR TODAS ESAS RECLAMACIONES NO SUPERAR\u00c1N LOS DOSCIENTOS CINCUENTA D\u00d3LARES (250 $). LA LIMITACI\u00d3N DE RESPONSABILIDAD PREVISTA EN ESTE P\u00c1RRAFO SE APLICAR\u00c1 EN LA MAYOR MEDIDA PERMITIDA POR LA LEY.<\/p>\n\t<div id=\"gap-339774629\" class=\"gap-element clearfix\" style=\"display:block; height:auto;\">\n\t\t\n<style>\n#gap-339774629 {\n  padding-top: 20px;\n}\n<\/style>\n\t<\/div>\n\t\n\n<div class=\"container section-title-container\" style=\"margin-bottom:10px;\"><h4 class=\"section-title section-title-normal\"><b><\/b><span class=\"section-title-main\" >Causas de fuerza mayor<\/span><b><\/b><\/h4><\/div>\n\n<p>En ning\u00fan caso Fletes USA LLC ser\u00e1 responsable ante usted o se considerar\u00e1 que ha incumplido cualquiera de nuestras obligaciones bajo estas Condiciones de Uso por cualquier incumplimiento o retraso en el cumplimiento o ejecuci\u00f3n de cualquier t\u00e9rmino de estas Condiciones de Uso, cuando y en la medida en que dicho incumplimiento o retraso sea causado por cualquier circunstancia fuera de nuestro control razonable (un &#8220;Evento de Fuerza Mayor&#8221;), incluyendo casos fortuitos, inundaciones, incendios, terremotos o explosiones, guerra, terrorismo, invasi\u00f3n, disturbios u otros disturbios civiles, embargos o bloqueos en vigor en la fecha de las presentes Condiciones de Uso o con posterioridad a la misma, emergencias nacionales o regionales, huelgas, paros o ralentizaciones laborales u otros disturbios industriales, aprobaci\u00f3n de una ley o cualquier medida adoptada por una autoridad gubernamental o p\u00fablica, incluida la imposici\u00f3n de un embargo, restricci\u00f3n a la exportaci\u00f3n o importaci\u00f3n, cuota u otra restricci\u00f3n o prohibici\u00f3n o cualquier cierre total o parcial del gobierno, o escasez nacional o regional de energ\u00eda o telecomunicaciones o transporte adecuados.<\/p>\n\t<div id=\"gap-850045286\" class=\"gap-element clearfix\" style=\"display:block; height:auto;\">\n\t\t\n<style>\n#gap-850045286 {\n  padding-top: 20px;\n}\n<\/style>\n\t<\/div>\n\t\n\n<div class=\"container section-title-container\" style=\"margin-bottom:10px;\"><h4 class=\"section-title section-title-normal\"><b><\/b><span class=\"section-title-main\" >Responsabilidades No Asumidas<\/span><b><\/b><\/h4><\/div>\n\n<p>No seremos responsables en ning\u00fan caso por da\u00f1os directos, incidentales, especiales o emergentes que superen el valor declarado por usted para el transporte. Esto incluye la p\u00e9rdida de ingresos o ganancias, a menos que dichos da\u00f1os sean causados por mala conducta intencional o negligencia grave de nuestra parte. No asumiremos responsabilidad por p\u00e9rdidas, da\u00f1os o demoras debidos a eventos fuera de nuestro control, como casos fortuitos, condiciones clim\u00e1ticas adversas, demoras mec\u00e1nicas, actos de enemigos p\u00fablicos, conflictos b\u00e9licos, huelgas, disturbios civiles o acciones u omisiones de autoridades con autoridad real o aparente, incluyendo funcionarios aduaneros y de salud.<\/p>\n\t<div id=\"gap-1842584544\" class=\"gap-element clearfix\" style=\"display:block; height:auto;\">\n\t\t\n<style>\n#gap-1842584544 {\n  padding-top: 20px;\n}\n<\/style>\n\t<\/div>\n\t\n\n<div class=\"container section-title-container\" style=\"margin-bottom:10px;\"><h4 class=\"section-title section-title-normal\"><b><\/b><span class=\"section-title-main\" >Reclamos<\/span><b><\/b><\/h4><\/div>\n\n<p>Es su responsabilidad revisar cuidadosamente toda la carga antes de firmar el acuse de recibo, a menos que esta se encuentre en pallets. Para procesar un reclamo por da\u00f1os evidentes, mercanc\u00eda extraviada o faltante comprobado, el titular de la cuenta debe presentar una carta de reclamo detallada y proporcionar la factura correspondiente. El REMITENTE deber\u00e1 presentar las reclamaciones por p\u00e9rdida o da\u00f1o de la carga ante el AGENTE dentro de los ciento ochenta (180) d\u00edas siguientes a la fecha de dicha p\u00e9rdida, escasez o da\u00f1o, que a efectos del Contrato ser\u00e1 la fecha de entrega o, en caso de falta de entrega, la fecha de entrega programada. Cualquier da\u00f1o de f\u00e1brica debe ser tratado directamente con su proveedor, ya que somos exclusivamente facilitadores del transporte.<\/p>\n\t<div id=\"gap-1521162703\" class=\"gap-element clearfix\" style=\"display:block; height:auto;\">\n\t\t\n<style>\n#gap-1521162703 {\n  padding-top: 20px;\n}\n<\/style>\n\t<\/div>\n\t\n\n<div class=\"container section-title-container\" style=\"margin-bottom:10px;\"><h4 class=\"section-title section-title-normal\"><b><\/b><span class=\"section-title-main\" >Derecho a Inspeccionar<\/span><b><\/b><\/h4><\/div>\n\n<p>Usted nos autoriza a inspeccionar la mercanc\u00eda por solicitud de las autoridades correspondientes, antes y despu\u00e9s del embarque. Tambi\u00e9n nos autoriza a abrir y verificar su mercanc\u00eda, si as\u00ed lo exigen las autoridades gubernamentales en el destino. Esta inspecci\u00f3n es realizada para cumplir con las regulaciones y leyes aplicables.<\/p>\n\t<div id=\"gap-296408456\" class=\"gap-element clearfix\" style=\"display:block; height:auto;\">\n\t\t\n<style>\n#gap-296408456 {\n  padding-top: 20px;\n}\n<\/style>\n\t<\/div>\n\t\n\n<div class=\"container section-title-container\" style=\"margin-bottom:10px;\"><h4 class=\"section-title section-title-normal\"><b><\/b><span class=\"section-title-main\" >Su privacidad<\/span><b><\/b><\/h4><\/div>\n\n<p>Su privacidad es importante para nosotros y, para obtener m\u00e1s informaci\u00f3n sobre sus derechos de privacidad, consulte nuestra <a href=\"\/es\/politica-de-privacidad-y-cookies-para-fletes-usa\/\">Pol\u00edtica de privacidad y cookies<\/a>, que se incorpora a estas Condiciones de uso y constituye su acuerdo vinculante con nosotros.<\/p>\n\t<div id=\"gap-552554520\" class=\"gap-element clearfix\" style=\"display:block; height:auto;\">\n\t\t\n<style>\n#gap-552554520 {\n  padding-top: 20px;\n}\n<\/style>\n\t<\/div>\n\t\n\n<div class=\"container section-title-container\" style=\"margin-bottom:10px;\"><h4 class=\"section-title section-title-normal\"><b><\/b><span class=\"section-title-main\" >Paquetes Abandonados<\/span><b><\/b><\/h4><\/div>\n\n<p>Consideramos paquetes abandonados aquellos que no reclama el cliente tras contactarlos por nuestro personal. Nos reservamos el derecho de desechar los paquetes que no se reclamen en un plazo de 30 d\u00edas. No aceptamos reclamos por paquetes abandonados despu\u00e9s de este per\u00edodo.<\/p>\n\t<div id=\"gap-1588158444\" class=\"gap-element clearfix\" style=\"display:block; height:auto;\">\n\t\t\n<style>\n#gap-1588158444 {\n  padding-top: 20px;\n}\n<\/style>\n\t<\/div>\n\t\n\n<div class=\"container section-title-container\" style=\"margin-bottom:10px;\"><h4 class=\"section-title section-title-normal\"><b><\/b><span class=\"section-title-main\" >Despacho Aduanero<\/span><b><\/b><\/h4><\/div>\n\n<p>Usted tiene la responsabilidad de escoger un agente aduanero o le designamos un agente aduanal, a menos que usted especifique otro. Usted garantiza y es responsable de cumplir con todas las leyes aduaneras, de importaci\u00f3n y exportaci\u00f3n, as\u00ed como con los reglamentos gubernamentales de cualquier pa\u00eds relacionados con su env\u00edo. Es su responsabilidad proporcionar informaci\u00f3n precisa y completar la documentaci\u00f3n necesaria para cumplir con estas leyes y reglamentos. No asumimos responsabilidad por p\u00e9rdidas o gastos debidos a su incumplimiento.<\/p>\n\t<div id=\"gap-150905445\" class=\"gap-element clearfix\" style=\"display:block; height:auto;\">\n\t\t\n<style>\n#gap-150905445 {\n  padding-top: 20px;\n}\n<\/style>\n\t<\/div>\n\t\n\n<div class=\"container section-title-container\" style=\"margin-bottom:10px;\"><h4 class=\"section-title section-title-normal\"><b><\/b><span class=\"section-title-main\" >La Ley de Wyoming Gobierna \/ Jurisdicci\u00f3n \/ Selecci\u00f3n de Sede<\/span><b><\/b><\/h4><\/div>\n\n<p>Estas Condiciones de uso y nuestra <a href=\"\/es\/politica-de-privacidad-y-cookies-para-fletes-usa\/\">Pol\u00edtica de privacidad y Cookies<\/a> se interpretar\u00e1n, regir\u00e1n y aplicar\u00e1n de conformidad con las leyes del Estado de Wyoming, excepto en la medida en que la ley federal se anteponga a dichas leyes, sin dar efecto a las disposiciones de conflicto de leyes que dar\u00edan lugar a la aplicaci\u00f3n de cualquier ley distinta de la ley de Wyoming. Usted y Fletes USA LLC consienten a la jurisdicci\u00f3n exclusiva de los tribunales estatales ubicados en el Condado de Sheridan, Wyoming (&#8220;Sede Obligatoria&#8221;). Usted y FLetes USA LLC renuncian a cualquier objeci\u00f3n a la jurisdicci\u00f3n y competencia de la Sede Obligatoria, y acuerdan que cualquier disputa que surja en relaci\u00f3n con el Sitio Web, nuestra <a href=\"\/es\/politica-de-privacidad-y-cookies-para-fletes-usa\/\">Pol\u00edtica de Privacidad y Cookies<\/a> y \/ o estas Condiciones de Uso se presentar\u00e1 exclusivamente en la Sede Obligatoria.<\/p>\n\t<div id=\"gap-575315375\" class=\"gap-element clearfix\" style=\"display:block; height:auto;\">\n\t\t\n<style>\n#gap-575315375 {\n  padding-top: 20px;\n}\n<\/style>\n\t<\/div>\n\t\n\n<div class=\"container section-title-container\" style=\"margin-bottom:10px;\"><h4 class=\"section-title section-title-normal\"><b><\/b><span class=\"section-title-main\" >Integridad del acuerdo \/ Divisibilidad<\/span><b><\/b><\/h4><\/div>\n\n<p>Estas Condiciones de Uso representan el acuerdo completo e integrado entre usted y Fletes USA LLC en relaci\u00f3n con el Sitio Web y sustituye a todas las negociaciones anteriores, representaciones y acuerdos, ya sea oral o escrita, que se relacionan con el objeto de estas Condiciones de Uso. Estas Condiciones de Uso s\u00f3lo podr\u00e1n ser modificadas mediante un documento escrito firmado por usted y Fletes USA LLC o mediante la publicaci\u00f3n por Fletes USA LLC de nuevas Condiciones de Uso. Siempre que sea posible, cada disposici\u00f3n de estas Condiciones de Uso ser\u00e1 interpretada de tal manera que sea efectiva y v\u00e1lida bajo la ley aplicable, pero si alguna disposici\u00f3n de estas Condiciones de Uso se considera inv\u00e1lida, ilegal o inaplicable en cualquier aspecto bajo cualquier ley o norma aplicable en cualquier jurisdicci\u00f3n, dicha invalidez, ilegalidad o inaplicabilidad no afectar\u00e1 a ninguna otra disposici\u00f3n o la eficacia o validez de cualquier disposici\u00f3n en cualquier otra jurisdicci\u00f3n, y estas Condiciones de Uso ser\u00e1n reformadas, interpretadas y aplicadas de tal manera que dicha disposici\u00f3n sea v\u00e1lida, legal o aplicable.<\/p>\n\t<div id=\"gap-1477478705\" class=\"gap-element clearfix\" style=\"display:block; height:auto;\">\n\t\t\n<style>\n#gap-1477478705 {\n  padding-top: 20px;\n}\n<\/style>\n\t<\/div>\n\t\n\n<div class=\"container section-title-container\" style=\"margin-bottom:10px;\"><h4 class=\"section-title section-title-normal\"><b><\/b><span class=\"section-title-main\" >Datos generales<\/span><b><\/b><\/h4><\/div>\n\n<p>La empresa Fletes USA con domicilio en 125 Prince Albert St Petaluma, CA 94954-1515 , se especializa en operaciones log\u00edsticas de transporte dentro de Canad\u00e1, Estados Unidos, M\u00e9xico y Guatemala. <\/p>\n<ul>\n<li>Toll Free: <a href=\"tel:18554608001\">+1 (855) 460 8001<\/a><\/li>\n<li>Contacto: <a href=\"mailto:transportation@fletesusa.com\">transportation@fletesusa.com<\/a><\/li>\n<\/ul>\n\n\n\t\t<\/div>\n\t\t\t\t\t<\/div>\n\n\t\n\n<\/div>\n\n\t\t<\/div>\n\n\t\t\n<style>\n#section_504712261 {\n  padding-top: 30px;\n  padding-bottom: 30px;\n}\n<\/style>\n\t<\/section>\n\t\n\n","protected":false},"excerpt":{"rendered":"","protected":false},"author":1,"featured_media":0,"parent":0,"menu_order":0,"comment_status":"closed","ping_status":"closed","template":"","meta":{"_monsterinsights_skip_tracking":false,"_monsterinsights_sitenote_active":false,"_monsterinsights_sitenote_note":"","_monsterinsights_sitenote_category":0,"footnotes":""},"class_list":["post-411","page","type-page","status-publish","hentry"],"aioseo_notices":[],"_hostinger_reach_plugin_has_subscription_block":false,"_hostinger_reach_plugin_is_elementor":false,"_links":{"self":[{"href":"https:\/\/fletesusa.com\/es\/wp-json\/wp\/v2\/pages\/411","targetHints":{"allow":["GET"]}}],"collection":[{"href":"https:\/\/fletesusa.com\/es\/wp-json\/wp\/v2\/pages"}],"about":[{"href":"https:\/\/fletesusa.com\/es\/wp-json\/wp\/v2\/types\/page"}],"author":[{"embeddable":true,"href":"https:\/\/fletesusa.com\/es\/wp-json\/wp\/v2\/users\/1"}],"replies":[{"embeddable":true,"href":"https:\/\/fletesusa.com\/es\/wp-json\/wp\/v2\/comments?post=411"}],"version-history":[{"count":17,"href":"https:\/\/fletesusa.com\/es\/wp-json\/wp\/v2\/pages\/411\/revisions"}],"predecessor-version":[{"id":921,"href":"https:\/\/fletesusa.com\/es\/wp-json\/wp\/v2\/pages\/411\/revisions\/921"}],"wp:attachment":[{"href":"https:\/\/fletesusa.com\/es\/wp-json\/wp\/v2\/media?parent=411"}],"curies":[{"name":"wp","href":"https:\/\/api.w.org\/{rel}","templated":true}]}}